{"id":247,"date":"2022-12-14T15:31:05","date_gmt":"2022-12-14T14:31:05","guid":{"rendered":"https:\/\/retailonesolution.com\/?page_id=247"},"modified":"2025-09-11T14:27:57","modified_gmt":"2025-09-11T13:27:57","slug":"impressum","status":"publish","type":"page","link":"https:\/\/retailonesolution.com\/en\/impressum\/","title":{"rendered":"Imprint"},"content":{"rendered":"<div data-elementor-type=\"wp-page\" data-elementor-id=\"247\" class=\"elementor elementor-247\" data-elementor-post-type=\"page\">\n\t\t\t\t\t\t<section class=\"elementor-section elementor-top-section elementor-element elementor-element-2a32e719 elementor-section-boxed elementor-section-height-default elementor-section-height-default\" data-id=\"2a32e719\" data-element_type=\"section\" data-e-type=\"section\">\n\t\t\t\t\t\t<div class=\"elementor-container elementor-column-gap-default\">\n\t\t\t\t\t<div class=\"elementor-column elementor-col-100 elementor-top-column elementor-element elementor-element-78c2931d\" data-id=\"78c2931d\" data-element_type=\"column\" data-e-type=\"column\">\n\t\t\t<div class=\"elementor-widget-wrap elementor-element-populated\">\n\t\t\t\t\t\t<div class=\"elementor-element elementor-element-56ef4502 elementor-widget elementor-widget-text-editor\" data-id=\"56ef4502\" data-element_type=\"widget\" data-e-type=\"widget\" data-widget_type=\"text-editor.default\">\n\t\t\t\t<div class=\"elementor-widget-container\">\n\t\t\t\t\t\t\t\t\t\n<h3 class=\"wp-block-heading\"><strong>Information according to \u00a7 5 DDG | DL-InfoV<\/strong><\/h3>\n\n<p><strong>Consult-SK GmbH | Management &amp; IT Consultants<\/strong><br \/>Simeonsplatz 2<br \/>32423 Minden<\/p>\n\n<p><strong>Represented by<\/strong><br \/>Stephan Kaup - Managing Partner<\/p>\n\n<p>Thomas Dresselhaus - Managing Director<\/p>\n\n<p><strong>Responsible for the content according to \u00a7 55 Abs. 2 RStV<\/strong><br \/>Stephan Kaup, Simeonsplatz 2, 32423 Minden<\/p>\n\n<p><strong>Contact us<\/strong><br \/>Phone +49 571 783435-0<br \/>stephan.kaup@consult-sk.de<\/p>\n\n<p><strong>Tax ID<\/strong><br \/>DE287099609<\/p>\n\n<p><strong>Register entry<\/strong><br \/>Register court: Bad Oeynhausen Local Court<br \/>Register number: HRB 13397<\/p>\n\n<p><strong>Design and realization<\/strong><br \/>Sandra Sp\u00f6nemann<\/p>\n\n<h3 class=\"wp-block-heading\"><strong>Disclaimer<\/strong><\/h3>\n\n<p><strong>Liability for content<\/strong><br \/>The contents of our pages have been created with the greatest care. However, we cannot accept any liability for the accuracy, completeness and topicality of the content. As a service provider, we are responsible for our own content on these pages in accordance with general legislation. However, as a service provider, we are not obliged to monitor transmitted or stored third-party information or to investigate circumstances that indicate illegal activity. Obligations to remove or block the use of information in accordance with general legislation remain unaffected by this. However, liability in this respect is only possible from the time of knowledge of a specific infringement. As soon as we become aware of such infringements, we will remove this content immediately.<\/p>\n\n<p><strong>Liability for links<\/strong><br \/>Our website contains links to external third-party websites over whose content we have no influence. Therefore, we cannot accept any liability for this third-party content. The respective provider or operator of the pages is always responsible for the content of the linked pages. The linked pages were checked for possible legal violations at the time of linking. Illegal content was not recognizable at the time of linking. However, permanent monitoring of the content of the linked pages is not reasonable without concrete evidence of an infringement. If we become aware of any legal infringements, we will remove such links immediately.<\/p>\n\n<p><strong>Copyright<\/strong><br \/>The content and works created by the site operators on these pages are subject to German copyright law. Duplication, processing, distribution and any kind of exploitation outside the limits of copyright law require the written consent of the respective author or creator. Downloads and copies of this site are only permitted for private, non-commercial use. Insofar as the content on this site was not created by the operator, the copyrights of third parties are respected. In particular, third-party content is identified as such. Should you nevertheless become aware of a copyright infringement, please inform us accordingly. If we become aware of any infringements, we will remove such content immediately.<\/p>\n\n<p><strong>Further information<\/strong><br \/><a href=\"http:\/\/datenschutz\/\">Show privacy statement<\/a><\/p>\n\t\t\t\t\t\t\t\t<\/div>\n\t\t\t\t<\/div>\n\t\t\t\t\t<\/div>\n\t\t<\/div>\n\t\t\t\t\t<\/div>\n\t\t<\/section>\n\t\t\t\t<\/div>","protected":false},"excerpt":{"rendered":"<p>Angaben gem\u00e4\u00df \u00a7 5 DDG | DL-InfoV Consult-SK GmbH | Management &amp; IT ConsultantsSimeonsplatz 232423 Minden Vertreten durchStephan Kaup \u2013 Gesch\u00e4ftsf\u00fchrender Gesellschafter Thomas Dresselhaus \u2013 Gesch\u00e4ftsf\u00fchrer Verantwortlich f\u00fcr den Inhalt nach \u00a7 55 Abs. 2 RStVStephan Kaup, Simeonsplatz 2, 32423 Minden KontaktTelefon +49 571 783435-0stephan.kaup@consult-sk.de Steuer-IDDE287099609 RegistereintragRegistergericht: Amtsgericht Bad OeynhausenRegisternummer: HRB 13397 Design und RealisierungSandra [&hellip;]<\/p>\n","protected":false},"author":1,"featured_media":0,"parent":0,"menu_order":0,"comment_status":"closed","ping_status":"open","template":"","meta":{"_coblocks_attr":"","_coblocks_dimensions":"","_coblocks_responsive_height":"","_coblocks_accordion_ie_support":"","footnotes":""},"class_list":["post-247","page","type-page","status-publish","hentry"],"yoast_head":"<!-- This site is optimized with the Yoast SEO plugin v27.6 - https:\/\/yoast.com\/product\/yoast-seo-wordpress\/ -->\n<title>Impressum - RetailOneSolution<\/title>\n<meta name=\"robots\" content=\"index, follow, max-snippet:-1, max-image-preview:large, max-video-preview:-1\" \/>\n<link rel=\"canonical\" href=\"https:\/\/retailonesolution.com\/en\/impressum\/\" \/>\n<meta property=\"og:locale\" content=\"en_US\" \/>\n<meta property=\"og:type\" content=\"article\" \/>\n<meta property=\"og:title\" content=\"Impressum - RetailOneSolution\" \/>\n<meta property=\"og:description\" content=\"Angaben gem\u00e4\u00df \u00a7 5 DDG | DL-InfoV Consult-SK GmbH | Management &amp; IT ConsultantsSimeonsplatz 232423 Minden Vertreten durchStephan Kaup \u2013 Gesch\u00e4ftsf\u00fchrender Gesellschafter Thomas Dresselhaus \u2013 Gesch\u00e4ftsf\u00fchrer Verantwortlich f\u00fcr den Inhalt nach \u00a7 55 Abs. 2 RStVStephan Kaup, Simeonsplatz 2, 32423 Minden KontaktTelefon +49 571 783435-0stephan.kaup@consult-sk.de Steuer-IDDE287099609 RegistereintragRegistergericht: Amtsgericht Bad OeynhausenRegisternummer: HRB 13397 Design und RealisierungSandra [&hellip;]\" \/>\n<meta property=\"og:url\" content=\"https:\/\/retailonesolution.com\/en\/impressum\/\" \/>\n<meta property=\"og:site_name\" content=\"RetailOneSolution\" \/>\n<meta property=\"article:modified_time\" content=\"2025-09-11T13:27:57+00:00\" \/>\n<meta name=\"twitter:card\" content=\"summary_large_image\" \/>\n<meta name=\"twitter:label1\" content=\"Est. reading time\" \/>\n\t<meta name=\"twitter:data1\" content=\"3 minutes\" \/>\n<script type=\"application\/ld+json\" class=\"yoast-schema-graph\">{\"@context\":\"https:\\\/\\\/schema.org\",\"@graph\":[{\"@type\":\"WebPage\",\"@id\":\"https:\\\/\\\/retailonesolution.com\\\/impressum\\\/\",\"url\":\"https:\\\/\\\/retailonesolution.com\\\/impressum\\\/\",\"name\":\"Impressum - RetailOneSolution\",\"isPartOf\":{\"@id\":\"https:\\\/\\\/retailonesolution.com\\\/#website\"},\"datePublished\":\"2022-12-14T14:31:05+00:00\",\"dateModified\":\"2025-09-11T13:27:57+00:00\",\"breadcrumb\":{\"@id\":\"https:\\\/\\\/retailonesolution.com\\\/impressum\\\/#breadcrumb\"},\"inLanguage\":\"en-US\",\"potentialAction\":[{\"@type\":\"ReadAction\",\"target\":[\"https:\\\/\\\/retailonesolution.com\\\/impressum\\\/\"]}]},{\"@type\":\"BreadcrumbList\",\"@id\":\"https:\\\/\\\/retailonesolution.com\\\/impressum\\\/#breadcrumb\",\"itemListElement\":[{\"@type\":\"ListItem\",\"position\":1,\"name\":\"Startseite\",\"item\":\"https:\\\/\\\/retailonesolution.com\\\/\"},{\"@type\":\"ListItem\",\"position\":2,\"name\":\"Impressum\"}]},{\"@type\":\"WebSite\",\"@id\":\"https:\\\/\\\/retailonesolution.com\\\/#website\",\"url\":\"https:\\\/\\\/retailonesolution.com\\\/\",\"name\":\"RetailOneSolution\",\"description\":\"SAP-Partnernetzwerk f\u00fcr das Filialmanagement 3.0\",\"publisher\":{\"@id\":\"https:\\\/\\\/retailonesolution.com\\\/#organization\"},\"potentialAction\":[{\"@type\":\"SearchAction\",\"target\":{\"@type\":\"EntryPoint\",\"urlTemplate\":\"https:\\\/\\\/retailonesolution.com\\\/?s={search_term_string}\"},\"query-input\":{\"@type\":\"PropertyValueSpecification\",\"valueRequired\":true,\"valueName\":\"search_term_string\"}}],\"inLanguage\":\"en-US\"},{\"@type\":\"Organization\",\"@id\":\"https:\\\/\\\/retailonesolution.com\\\/#organization\",\"name\":\"RetailOneSolution\",\"url\":\"https:\\\/\\\/retailonesolution.com\\\/\",\"logo\":{\"@type\":\"ImageObject\",\"inLanguage\":\"en-US\",\"@id\":\"https:\\\/\\\/retailonesolution.com\\\/#\\\/schema\\\/logo\\\/image\\\/\",\"url\":\"https:\\\/\\\/retailonesolution.com\\\/wp-content\\\/uploads\\\/2022\\\/12\\\/retailonesolution-logo.png\",\"contentUrl\":\"https:\\\/\\\/retailonesolution.com\\\/wp-content\\\/uploads\\\/2022\\\/12\\\/retailonesolution-logo.png\",\"width\":250,\"height\":83,\"caption\":\"RetailOneSolution\"},\"image\":{\"@id\":\"https:\\\/\\\/retailonesolution.com\\\/#\\\/schema\\\/logo\\\/image\\\/\"}}]}<\/script>\n<!-- \/ Yoast SEO plugin. -->","yoast_head_json":{"title":"Imprint - RetailOneSolution","robots":{"index":"index","follow":"follow","max-snippet":"max-snippet:-1","max-image-preview":"max-image-preview:large","max-video-preview":"max-video-preview:-1"},"canonical":"https:\/\/retailonesolution.com\/en\/impressum\/","og_locale":"en_US","og_type":"article","og_title":"Impressum - RetailOneSolution","og_description":"Angaben gem\u00e4\u00df \u00a7 5 DDG | DL-InfoV Consult-SK GmbH | Management &amp; IT ConsultantsSimeonsplatz 232423 Minden Vertreten durchStephan Kaup \u2013 Gesch\u00e4ftsf\u00fchrender Gesellschafter Thomas Dresselhaus \u2013 Gesch\u00e4ftsf\u00fchrer Verantwortlich f\u00fcr den Inhalt nach \u00a7 55 Abs. 2 RStVStephan Kaup, Simeonsplatz 2, 32423 Minden KontaktTelefon +49 571 783435-0stephan.kaup@consult-sk.de Steuer-IDDE287099609 RegistereintragRegistergericht: Amtsgericht Bad OeynhausenRegisternummer: HRB 13397 Design und RealisierungSandra [&hellip;]","og_url":"https:\/\/retailonesolution.com\/en\/impressum\/","og_site_name":"RetailOneSolution","article_modified_time":"2025-09-11T13:27:57+00:00","twitter_card":"summary_large_image","twitter_misc":{"Est. reading time":"3 minutes"},"schema":{"@context":"https:\/\/schema.org","@graph":[{"@type":"WebPage","@id":"https:\/\/retailonesolution.com\/impressum\/","url":"https:\/\/retailonesolution.com\/impressum\/","name":"Imprint - RetailOneSolution","isPartOf":{"@id":"https:\/\/retailonesolution.com\/#website"},"datePublished":"2022-12-14T14:31:05+00:00","dateModified":"2025-09-11T13:27:57+00:00","breadcrumb":{"@id":"https:\/\/retailonesolution.com\/impressum\/#breadcrumb"},"inLanguage":"en-US","potentialAction":[{"@type":"ReadAction","target":["https:\/\/retailonesolution.com\/impressum\/"]}]},{"@type":"BreadcrumbList","@id":"https:\/\/retailonesolution.com\/impressum\/#breadcrumb","itemListElement":[{"@type":"ListItem","position":1,"name":"Startseite","item":"https:\/\/retailonesolution.com\/"},{"@type":"ListItem","position":2,"name":"Impressum"}]},{"@type":"WebSite","@id":"https:\/\/retailonesolution.com\/#website","url":"https:\/\/retailonesolution.com\/","name":"RetailOneSolution","description":"SAP partner network for store management 3.0","publisher":{"@id":"https:\/\/retailonesolution.com\/#organization"},"potentialAction":[{"@type":"SearchAction","target":{"@type":"EntryPoint","urlTemplate":"https:\/\/retailonesolution.com\/?s={search_term_string}"},"query-input":{"@type":"PropertyValueSpecification","valueRequired":true,"valueName":"search_term_string"}}],"inLanguage":"en-US"},{"@type":"Organization","@id":"https:\/\/retailonesolution.com\/#organization","name":"RetailOneSolution","url":"https:\/\/retailonesolution.com\/","logo":{"@type":"ImageObject","inLanguage":"en-US","@id":"https:\/\/retailonesolution.com\/#\/schema\/logo\/image\/","url":"https:\/\/retailonesolution.com\/wp-content\/uploads\/2022\/12\/retailonesolution-logo.png","contentUrl":"https:\/\/retailonesolution.com\/wp-content\/uploads\/2022\/12\/retailonesolution-logo.png","width":250,"height":83,"caption":"RetailOneSolution"},"image":{"@id":"https:\/\/retailonesolution.com\/#\/schema\/logo\/image\/"}}]}},"jetpack_sharing_enabled":true,"_links":{"self":[{"href":"https:\/\/retailonesolution.com\/en\/wp-json\/wp\/v2\/pages\/247","targetHints":{"allow":["GET"]}}],"collection":[{"href":"https:\/\/retailonesolution.com\/en\/wp-json\/wp\/v2\/pages"}],"about":[{"href":"https:\/\/retailonesolution.com\/en\/wp-json\/wp\/v2\/types\/page"}],"author":[{"embeddable":true,"href":"https:\/\/retailonesolution.com\/en\/wp-json\/wp\/v2\/users\/1"}],"replies":[{"embeddable":true,"href":"https:\/\/retailonesolution.com\/en\/wp-json\/wp\/v2\/comments?post=247"}],"version-history":[{"count":9,"href":"https:\/\/retailonesolution.com\/en\/wp-json\/wp\/v2\/pages\/247\/revisions"}],"predecessor-version":[{"id":1360,"href":"https:\/\/retailonesolution.com\/en\/wp-json\/wp\/v2\/pages\/247\/revisions\/1360"}],"wp:attachment":[{"href":"https:\/\/retailonesolution.com\/en\/wp-json\/wp\/v2\/media?parent=247"}],"curies":[{"name":"wp","href":"https:\/\/api.w.org\/{rel}","templated":true}]}}