{"id":65,"date":"2022-12-14T11:50:27","date_gmt":"2022-12-14T10:50:27","guid":{"rendered":"https:\/\/retailonesolution.com\/menu\/"},"modified":"2023-01-02T15:06:56","modified_gmt":"2023-01-02T14:06:56","slug":"all-in-one","status":"publish","type":"page","link":"https:\/\/retailonesolution.com\/en\/all-in-one\/","title":{"rendered":"All In One Solution"},"content":{"rendered":"\t\t<div data-elementor-type=\"wp-page\" data-elementor-id=\"65\" class=\"elementor elementor-65\" data-elementor-post-type=\"page\">\n\t\t\t\t\t\t<section class=\"elementor-section elementor-top-section elementor-element elementor-element-66c4dd76 elementor-section-full_width elementor-section-content-middle elementor-section-height-default elementor-section-height-default\" data-id=\"66c4dd76\" data-element_type=\"section\" data-e-type=\"section\">\n\t\t\t\t\t\t<div class=\"elementor-container elementor-column-gap-no\">\n\t\t\t\t\t<div class=\"elementor-column elementor-col-33 elementor-top-column elementor-element elementor-element-88d0389\" data-id=\"88d0389\" data-element_type=\"column\" data-e-type=\"column\" data-settings=\"{&quot;background_background&quot;:&quot;classic&quot;}\">\n\t\t\t<div class=\"elementor-widget-wrap elementor-element-populated\">\n\t\t\t\t\t\t<section class=\"elementor-section elementor-inner-section elementor-element elementor-element-39e429bd elementor-section-full_width elementor-section-height-default elementor-section-height-default\" data-id=\"39e429bd\" data-element_type=\"section\" data-e-type=\"section\">\n\t\t\t\t\t\t<div class=\"elementor-container elementor-column-gap-no\">\n\t\t\t\t\t<div class=\"elementor-column elementor-col-100 elementor-inner-column elementor-element elementor-element-6712fb9c\" data-id=\"6712fb9c\" data-element_type=\"column\" data-e-type=\"column\">\n\t\t\t<div class=\"elementor-widget-wrap elementor-element-populated\">\n\t\t\t\t\t\t<div class=\"elementor-element elementor-element-2a911f6c animated-fast elementor-widget__width-auto elementor-absolute elementor-invisible elementor-widget elementor-widget-heading\" data-id=\"2a911f6c\" data-element_type=\"widget\" data-e-type=\"widget\" data-settings=\"{&quot;motion_fx_motion_fx_scrolling&quot;:&quot;yes&quot;,&quot;motion_fx_rotateZ_effect&quot;:&quot;yes&quot;,&quot;motion_fx_rotateZ_speed&quot;:{&quot;unit&quot;:&quot;px&quot;,&quot;size&quot;:&quot;0.2&quot;,&quot;sizes&quot;:[]},&quot;motion_fx_rotateZ_affectedRange&quot;:{&quot;unit&quot;:&quot;%&quot;,&quot;size&quot;:&quot;&quot;,&quot;sizes&quot;:{&quot;start&quot;:&quot;100&quot;,&quot;end&quot;:&quot;100&quot;}},&quot;_animation&quot;:&quot;bounceIn&quot;,&quot;_position&quot;:&quot;absolute&quot;,&quot;_animation_delay&quot;:&quot;1100&quot;,&quot;motion_fx_devices&quot;:[&quot;desktop&quot;,&quot;tablet&quot;,&quot;mobile&quot;]}\" data-widget_type=\"heading.default\">\n\t\t\t\t<div class=\"elementor-widget-container\">\n\t\t\t\t\t<p class=\"elementor-heading-title elementor-size-default\">all in one<\/p>\t\t\t\t<\/div>\n\t\t\t\t<\/div>\n\t\t\t\t<div class=\"elementor-element elementor-element-53444f0f elementor-widget elementor-widget-heading\" data-id=\"53444f0f\" data-element_type=\"widget\" data-e-type=\"widget\" data-widget_type=\"heading.default\">\n\t\t\t\t<div class=\"elementor-widget-container\">\n\t\t\t\t\t<h1 class=\"elementor-heading-title elementor-size-default\">SAP\u00ae CCO +\nstore solution +\nreceipt4s\u00ae<\/h1>\t\t\t\t<\/div>\n\t\t\t\t<\/div>\n\t\t\t\t<div class=\"elementor-element elementor-element-28218486 elementor-widget elementor-widget-heading\" data-id=\"28218486\" data-element_type=\"widget\" data-e-type=\"widget\" data-widget_type=\"heading.default\">\n\t\t\t\t<div class=\"elementor-widget-container\">\n\t\t\t\t\t<h3 class=\"elementor-heading-title elementor-size-default\">kassenl\u00f6sung \\\\ filialwarenwirtschaft \\\\ revisionssicheres POS-datenmanagement<\/h3>\t\t\t\t<\/div>\n\t\t\t\t<\/div>\n\t\t\t\t\t<\/div>\n\t\t<\/div>\n\t\t\t\t\t<\/div>\n\t\t<\/section>\n\t\t\t\t\t<\/div>\n\t\t<\/div>\n\t\t\t\t<div class=\"elementor-column elementor-col-66 elementor-top-column elementor-element elementor-element-13cffde1\" data-id=\"13cffde1\" data-element_type=\"column\" data-e-type=\"column\" data-settings=\"{&quot;background_background&quot;:&quot;classic&quot;}\">\n\t\t\t<div class=\"elementor-widget-wrap elementor-element-populated\">\n\t\t\t\t\t\t<div class=\"elementor-element elementor-element-49432014 elementor-widget__width-inherit elementor-widget elementor-widget-image\" data-id=\"49432014\" data-element_type=\"widget\" data-e-type=\"widget\" data-settings=\"{&quot;_animation&quot;:&quot;none&quot;}\" data-widget_type=\"image.default\">\n\t\t\t\t<div class=\"elementor-widget-container\">\n\t\t\t\t\t\t\t\t\t\t\t\t\t\t\t<img fetchpriority=\"high\" decoding=\"async\" width=\"2500\" height=\"1800\" src=\"https:\/\/retailonesolution.com\/wp-content\/uploads\/2022\/12\/ALLINONESOLUTIONgrafik.png\" class=\"elementor-animation-grow attachment-full size-full wp-image-260\" alt=\"\" srcset=\"https:\/\/retailonesolution.com\/wp-content\/uploads\/2022\/12\/ALLINONESOLUTIONgrafik.png 2500w, https:\/\/retailonesolution.com\/wp-content\/uploads\/2022\/12\/ALLINONESOLUTIONgrafik-300x216.png 300w, https:\/\/retailonesolution.com\/wp-content\/uploads\/2022\/12\/ALLINONESOLUTIONgrafik-1024x737.png 1024w, https:\/\/retailonesolution.com\/wp-content\/uploads\/2022\/12\/ALLINONESOLUTIONgrafik-768x553.png 768w, https:\/\/retailonesolution.com\/wp-content\/uploads\/2022\/12\/ALLINONESOLUTIONgrafik-1536x1106.png 1536w, https:\/\/retailonesolution.com\/wp-content\/uploads\/2022\/12\/ALLINONESOLUTIONgrafik-2048x1475.png 2048w\" sizes=\"(max-width: 2500px) 100vw, 2500px\" \/>\t\t\t\t\t\t\t\t\t\t\t\t\t\t\t<\/div>\n\t\t\t\t<\/div>\n\t\t\t\t<div class=\"elementor-element elementor-element-212e331f elementor-widget__width-initial elementor-widget elementor-widget-image\" data-id=\"212e331f\" data-element_type=\"widget\" data-e-type=\"widget\" data-widget_type=\"image.default\">\n\t\t\t\t<div class=\"elementor-widget-container\">\n\t\t\t\t\t\t\t\t\t\t\t\t\t\t\t<img decoding=\"async\" width=\"300\" height=\"300\" src=\"https:\/\/retailonesolution.com\/wp-content\/uploads\/2022\/12\/bubble-store-solution-300x300.png\" class=\"attachment-medium size-medium wp-image-264\" alt=\"\" srcset=\"https:\/\/retailonesolution.com\/wp-content\/uploads\/2022\/12\/bubble-store-solution-300x300.png 300w, https:\/\/retailonesolution.com\/wp-content\/uploads\/2022\/12\/bubble-store-solution-150x150.png 150w, https:\/\/retailonesolution.com\/wp-content\/uploads\/2022\/12\/bubble-store-solution.png 500w\" sizes=\"(max-width: 300px) 100vw, 300px\" \/>\t\t\t\t\t\t\t\t\t\t\t\t\t\t\t<\/div>\n\t\t\t\t<\/div>\n\t\t\t\t<div class=\"elementor-element elementor-element-1b478d58 elementor-view-stacked elementor-shape-square elementor-widget__width-auto elementor-absolute elementor-widget elementor-widget-icon\" data-id=\"1b478d58\" data-element_type=\"widget\" data-e-type=\"widget\" data-settings=\"{&quot;_position&quot;:&quot;absolute&quot;}\" data-widget_type=\"icon.default\">\n\t\t\t\t<div class=\"elementor-widget-container\">\n\t\t\t\t\t\t\t<div class=\"elementor-icon-wrapper\">\n\t\t\t<a class=\"elementor-icon\" href=\"#\">\n\t\t\t<svg xmlns=\"http:\/\/www.w3.org\/2000\/svg\" id=\"b448fa04-f2c7-43c0-9113-ed8728efe484\" data-name=\"Layer 1\" width=\"69\" height=\"70\" viewBox=\"0 0 69 70\"><polygon points=\"0 35.5 0.5 47.409 34.5 70 68.5 47.409 69 35.5 34.5 57.182 0 35.5\"><\/polygon><polygon points=\"34.5 35.5 68.5 12.909 69 0 34.5 22.682 0 0 0.5 12.909 34.5 35.5\"><\/polygon><\/svg>\t\t\t<\/a>\n\t\t<\/div>\n\t\t\t\t\t\t<\/div>\n\t\t\t\t<\/div>\n\t\t\t\t\t<\/div>\n\t\t<\/div>\n\t\t\t\t\t<\/div>\n\t\t<\/section>\n\t\t\t\t<section class=\"elementor-section elementor-top-section elementor-element elementor-element-68a7bd8a elementor-section-full_width elementor-section-content-middle elementor-section-height-default elementor-section-height-default\" data-id=\"68a7bd8a\" data-element_type=\"section\" data-e-type=\"section\">\n\t\t\t\t\t\t<div class=\"elementor-container elementor-column-gap-no\">\n\t\t\t\t\t<div class=\"elementor-column elementor-col-100 elementor-top-column elementor-element elementor-element-30ce90be\" data-id=\"30ce90be\" data-element_type=\"column\" data-e-type=\"column\" data-settings=\"{&quot;background_background&quot;:&quot;classic&quot;}\">\n\t\t\t<div class=\"elementor-widget-wrap elementor-element-populated\">\n\t\t\t\t\t\t<section class=\"elementor-section elementor-inner-section elementor-element elementor-element-a55a031 elementor-section-full_width elementor-section-height-default elementor-section-height-default\" data-id=\"a55a031\" data-element_type=\"section\" data-e-type=\"section\">\n\t\t\t\t\t\t<div class=\"elementor-container elementor-column-gap-no\">\n\t\t\t\t\t<div class=\"elementor-column elementor-col-100 elementor-inner-column elementor-element elementor-element-4566c7b2\" data-id=\"4566c7b2\" data-element_type=\"column\" data-e-type=\"column\">\n\t\t\t<div class=\"elementor-widget-wrap elementor-element-populated\">\n\t\t\t\t\t\t<div class=\"elementor-element elementor-element-293475ed animated-fast elementor-widget__width-auto elementor-absolute elementor-invisible elementor-widget elementor-widget-heading\" data-id=\"293475ed\" data-element_type=\"widget\" data-e-type=\"widget\" data-settings=\"{&quot;motion_fx_motion_fx_scrolling&quot;:&quot;yes&quot;,&quot;motion_fx_rotateZ_effect&quot;:&quot;yes&quot;,&quot;motion_fx_rotateZ_speed&quot;:{&quot;unit&quot;:&quot;px&quot;,&quot;size&quot;:&quot;0.2&quot;,&quot;sizes&quot;:[]},&quot;motion_fx_rotateZ_affectedRange&quot;:{&quot;unit&quot;:&quot;%&quot;,&quot;size&quot;:&quot;&quot;,&quot;sizes&quot;:{&quot;start&quot;:&quot;100&quot;,&quot;end&quot;:&quot;100&quot;}},&quot;_animation&quot;:&quot;bounceIn&quot;,&quot;_position&quot;:&quot;absolute&quot;,&quot;_animation_delay&quot;:&quot;800&quot;,&quot;motion_fx_devices&quot;:[&quot;desktop&quot;,&quot;tablet&quot;,&quot;mobile&quot;]}\" data-widget_type=\"heading.default\">\n\t\t\t\t<div class=\"elementor-widget-container\">\n\t\t\t\t\t<p class=\"elementor-heading-title elementor-size-default\">fachlich<\/p>\t\t\t\t<\/div>\n\t\t\t\t<\/div>\n\t\t\t\t<div class=\"elementor-element elementor-element-784cdf0c elementor-widget elementor-widget-heading\" data-id=\"784cdf0c\" data-element_type=\"widget\" data-e-type=\"widget\" data-widget_type=\"heading.default\">\n\t\t\t\t<div class=\"elementor-widget-container\">\n\t\t\t\t\t<h2 class=\"elementor-heading-title elementor-size-default\">system\u00fcbersicht<\/h2>\t\t\t\t<\/div>\n\t\t\t\t<\/div>\n\t\t\t\t\t<\/div>\n\t\t<\/div>\n\t\t\t\t\t<\/div>\n\t\t<\/section>\n\t\t\t\t<section class=\"elementor-section elementor-inner-section elementor-element elementor-element-500302a5 elementor-section-full_width elementor-section-height-default elementor-section-height-default\" data-id=\"500302a5\" data-element_type=\"section\" data-e-type=\"section\">\n\t\t\t\t\t\t<div class=\"elementor-container elementor-column-gap-no\">\n\t\t\t\t\t<div class=\"elementor-column elementor-col-100 elementor-inner-column elementor-element elementor-element-de77cd4\" data-id=\"de77cd4\" data-element_type=\"column\" data-e-type=\"column\">\n\t\t\t<div class=\"elementor-widget-wrap elementor-element-populated\">\n\t\t\t\t\t\t<div class=\"elementor-element elementor-element-07e202e elementor-widget elementor-widget-image\" data-id=\"07e202e\" data-element_type=\"widget\" data-e-type=\"widget\" data-widget_type=\"image.default\">\n\t\t\t\t<div class=\"elementor-widget-container\">\n\t\t\t\t\t\t\t\t\t\t\t\t\t\t\t\t<a href=\"https:\/\/retailonesolution.com\/wp-content\/uploads\/2022\/12\/systemuebersicht.png\" data-elementor-open-lightbox=\"yes\" data-elementor-lightbox-title=\"system\u00fcbersicht\" data-e-action-hash=\"#elementor-action%3Aaction%3Dlightbox%26settings%3DeyJpZCI6MjY1LCJ1cmwiOiJodHRwczpcL1wvcmV0YWlsb25lc29sdXRpb24uY29tXC93cC1jb250ZW50XC91cGxvYWRzXC8yMDIyXC8xMlwvc3lzdGVtdWViZXJzaWNodC5wbmcifQ%3D%3D\">\n\t\t\t\t\t\t\t<img decoding=\"async\" width=\"800\" height=\"419\" src=\"https:\/\/retailonesolution.com\/wp-content\/uploads\/2022\/12\/systemuebersicht-1024x536.png\" class=\"attachment-large size-large wp-image-265\" alt=\"\" srcset=\"https:\/\/retailonesolution.com\/wp-content\/uploads\/2022\/12\/systemuebersicht-1024x536.png 1024w, https:\/\/retailonesolution.com\/wp-content\/uploads\/2022\/12\/systemuebersicht-300x157.png 300w, https:\/\/retailonesolution.com\/wp-content\/uploads\/2022\/12\/systemuebersicht-768x402.png 768w, https:\/\/retailonesolution.com\/wp-content\/uploads\/2022\/12\/systemuebersicht-1536x804.png 1536w, https:\/\/retailonesolution.com\/wp-content\/uploads\/2022\/12\/systemuebersicht-2048x1072.png 2048w\" sizes=\"(max-width: 800px) 100vw, 800px\" \/>\t\t\t\t\t\t\t\t<\/a>\n\t\t\t\t\t\t\t\t\t\t\t\t\t\t\t<\/div>\n\t\t\t\t<\/div>\n\t\t\t\t\t<\/div>\n\t\t<\/div>\n\t\t\t\t\t<\/div>\n\t\t<\/section>\n\t\t\t\t<div class=\"elementor-element elementor-element-98d4fc2 elementor-widget elementor-widget-spacer\" data-id=\"98d4fc2\" data-element_type=\"widget\" data-e-type=\"widget\" data-widget_type=\"spacer.default\">\n\t\t\t\t<div class=\"elementor-widget-container\">\n\t\t\t\t\t\t\t<div class=\"elementor-spacer\">\n\t\t\t<div class=\"elementor-spacer-inner\"><\/div>\n\t\t<\/div>\n\t\t\t\t\t\t<\/div>\n\t\t\t\t<\/div>\n\t\t\t\t<section class=\"elementor-section elementor-inner-section elementor-element elementor-element-148fd43 elementor-section-full_width elementor-section-content-middle elementor-section-height-default elementor-section-height-default\" data-id=\"148fd43\" data-element_type=\"section\" data-e-type=\"section\" data-settings=\"{&quot;background_background&quot;:&quot;classic&quot;}\">\n\t\t\t\t\t\t<div class=\"elementor-container elementor-column-gap-no\">\n\t\t\t\t\t<div class=\"elementor-column elementor-col-100 elementor-inner-column elementor-element elementor-element-22787d7b\" data-id=\"22787d7b\" data-element_type=\"column\" data-e-type=\"column\" data-settings=\"{&quot;background_background&quot;:&quot;classic&quot;}\">\n\t\t\t<div class=\"elementor-widget-wrap elementor-element-populated\">\n\t\t\t\t\t\t<div class=\"elementor-element elementor-element-f6c7e54 elementor-widget elementor-widget-text-editor\" data-id=\"f6c7e54\" data-element_type=\"widget\" data-e-type=\"widget\" data-widget_type=\"text-editor.default\">\n\t\t\t\t<div class=\"elementor-widget-container\">\n\t\t\t\t\t\t\t\t\t<p>Vereint auf einem gemeinsamen technischen Level verkn\u00fcpfen wir alle digitalen und station\u00e4ren Omnichannel-Kan\u00e4le nahtlos in einer Plattform. Leichtgewichtige SAP Fiori Apps erm\u00f6glichen in Kombination mit den Backend-Komponenten des SAP S\/4HANA und SAP CAR (Customer Activity Repository) eine Durchg\u00e4ngigkeit der Prozesse, intuitive und spa\u00dfbringende Bedienung &#8211; unabh\u00e4ngig von Touchpoint und Kaufverhalten. Und das Ganze dann auch noch voll fiskalisiert mit dem SAP AddOn Receipt4S.\u00a0<\/p>\t\t\t\t\t\t\t\t<\/div>\n\t\t\t\t<\/div>\n\t\t\t\t\t<\/div>\n\t\t<\/div>\n\t\t\t\t\t<\/div>\n\t\t<\/section>\n\t\t\t\t\t<\/div>\n\t\t<\/div>\n\t\t\t\t\t<\/div>\n\t\t<\/section>\n\t\t\t\t<section class=\"elementor-section elementor-top-section elementor-element elementor-element-f726fe6 elementor-section-boxed elementor-section-height-default elementor-section-height-default\" data-id=\"f726fe6\" data-element_type=\"section\" data-e-type=\"section\">\n\t\t\t\t\t\t<div class=\"elementor-container elementor-column-gap-default\">\n\t\t\t\t\t<div class=\"elementor-column elementor-col-100 elementor-top-column elementor-element elementor-element-ca43e34\" data-id=\"ca43e34\" data-element_type=\"column\" data-e-type=\"column\">\n\t\t\t<div class=\"elementor-widget-wrap\">\n\t\t\t\t\t\t\t<\/div>\n\t\t<\/div>\n\t\t\t\t\t<\/div>\n\t\t<\/section>\n\t\t\t\t<section class=\"elementor-section elementor-top-section elementor-element elementor-element-a6f2821 elementor-section-boxed elementor-section-height-default elementor-section-height-default\" data-id=\"a6f2821\" data-element_type=\"section\" data-e-type=\"section\">\n\t\t\t\t\t\t<div class=\"elementor-container elementor-column-gap-default\">\n\t\t\t\t\t<div class=\"elementor-column elementor-col-100 elementor-top-column elementor-element elementor-element-b23671b\" data-id=\"b23671b\" data-element_type=\"column\" data-e-type=\"column\">\n\t\t\t<div class=\"elementor-widget-wrap elementor-element-populated\">\n\t\t\t\t\t\t\t<\/div>\n\t\t<\/div>\n\t\t\t\t\t<\/div>\n\t\t<\/section>\n\t\t\t\t<\/div>\n\t\t","protected":false},"excerpt":{"rendered":"<p>all in one SAP\u00ae CCO + store solution + receipt4s\u00ae kassenl\u00f6sung \\ filialwarenwirtschaft \\ revisionssicheres POS-datenmanagement fachlich system\u00fcbersicht Vereint auf einem gemeinsamen technischen Level verkn\u00fcpfen wir alle digitalen und station\u00e4ren Omnichannel-Kan\u00e4le nahtlos in einer Plattform. Leichtgewichtige SAP Fiori Apps erm\u00f6glichen in Kombination mit den Backend-Komponenten des SAP S\/4HANA und SAP CAR (Customer Activity Repository) eine [&hellip;]<\/p>\n","protected":false},"author":1,"featured_media":0,"parent":0,"menu_order":0,"comment_status":"closed","ping_status":"closed","template":"elementor_header_footer","meta":{"_coblocks_attr":"","_coblocks_dimensions":"","_coblocks_responsive_height":"","_coblocks_accordion_ie_support":"","footnotes":""},"class_list":["post-65","page","type-page","status-publish","hentry"],"yoast_head":"<!-- This site is optimized with the Yoast SEO plugin v27.4 - https:\/\/yoast.com\/product\/yoast-seo-wordpress\/ -->\n<title>All In One Solution - RetailOneSolution<\/title>\n<meta name=\"description\" content=\"Vereint auf einem gemeinsamen technischen Level verkn\u00fcpfen wir alle digitalen und station\u00e4ren Omnichannel-Kan\u00e4le nahtlos in einer Plattfor...\" \/>\n<meta name=\"robots\" content=\"index, follow, max-snippet:-1, max-image-preview:large, max-video-preview:-1\" \/>\n<link rel=\"canonical\" href=\"https:\/\/retailonesolution.com\/en\/all-in-one\/\" \/>\n<meta property=\"og:locale\" content=\"en_US\" \/>\n<meta property=\"og:type\" content=\"article\" \/>\n<meta property=\"og:title\" content=\"All In One Solution - RetailOneSolution\" \/>\n<meta property=\"og:description\" content=\"Vereint auf einem gemeinsamen technischen Level verkn\u00fcpfen wir alle digitalen und station\u00e4ren Omnichannel-Kan\u00e4le nahtlos in einer Plattfor...\" \/>\n<meta property=\"og:url\" content=\"https:\/\/retailonesolution.com\/en\/all-in-one\/\" \/>\n<meta property=\"og:site_name\" content=\"RetailOneSolution\" \/>\n<meta property=\"article:modified_time\" content=\"2023-01-02T14:06:56+00:00\" \/>\n<meta property=\"og:image\" content=\"https:\/\/retailonesolution.com\/wp-content\/uploads\/2022\/12\/ALLINONESOLUTIONgrafik.png\" \/>\n<meta name=\"twitter:card\" content=\"summary_large_image\" \/>\n<meta name=\"twitter:label1\" content=\"Est. reading time\" \/>\n\t<meta name=\"twitter:data1\" content=\"2 minutes\" \/>\n<script type=\"application\/ld+json\" class=\"yoast-schema-graph\">{\"@context\":\"https:\\\/\\\/schema.org\",\"@graph\":[{\"@type\":\"WebPage\",\"@id\":\"https:\\\/\\\/retailonesolution.com\\\/all-in-one\\\/\",\"url\":\"https:\\\/\\\/retailonesolution.com\\\/all-in-one\\\/\",\"name\":\"All In One Solution - RetailOneSolution\",\"isPartOf\":{\"@id\":\"https:\\\/\\\/retailonesolution.com\\\/#website\"},\"primaryImageOfPage\":{\"@id\":\"https:\\\/\\\/retailonesolution.com\\\/all-in-one\\\/#primaryimage\"},\"image\":{\"@id\":\"https:\\\/\\\/retailonesolution.com\\\/all-in-one\\\/#primaryimage\"},\"thumbnailUrl\":\"https:\\\/\\\/retailonesolution.com\\\/wp-content\\\/uploads\\\/2022\\\/12\\\/ALLINONESOLUTIONgrafik.png\",\"datePublished\":\"2022-12-14T10:50:27+00:00\",\"dateModified\":\"2023-01-02T14:06:56+00:00\",\"description\":\"Vereint auf einem gemeinsamen technischen Level verkn\u00fcpfen wir alle digitalen und station\u00e4ren Omnichannel-Kan\u00e4le nahtlos in einer Plattfor...\",\"breadcrumb\":{\"@id\":\"https:\\\/\\\/retailonesolution.com\\\/all-in-one\\\/#breadcrumb\"},\"inLanguage\":\"en-US\",\"potentialAction\":[{\"@type\":\"ReadAction\",\"target\":[\"https:\\\/\\\/retailonesolution.com\\\/all-in-one\\\/\"]}]},{\"@type\":\"ImageObject\",\"inLanguage\":\"en-US\",\"@id\":\"https:\\\/\\\/retailonesolution.com\\\/all-in-one\\\/#primaryimage\",\"url\":\"https:\\\/\\\/retailonesolution.com\\\/wp-content\\\/uploads\\\/2022\\\/12\\\/ALLINONESOLUTIONgrafik.png\",\"contentUrl\":\"https:\\\/\\\/retailonesolution.com\\\/wp-content\\\/uploads\\\/2022\\\/12\\\/ALLINONESOLUTIONgrafik.png\"},{\"@type\":\"BreadcrumbList\",\"@id\":\"https:\\\/\\\/retailonesolution.com\\\/all-in-one\\\/#breadcrumb\",\"itemListElement\":[{\"@type\":\"ListItem\",\"position\":1,\"name\":\"Startseite\",\"item\":\"https:\\\/\\\/retailonesolution.com\\\/\"},{\"@type\":\"ListItem\",\"position\":2,\"name\":\"All In One Solution\"}]},{\"@type\":\"WebSite\",\"@id\":\"https:\\\/\\\/retailonesolution.com\\\/#website\",\"url\":\"https:\\\/\\\/retailonesolution.com\\\/\",\"name\":\"RetailOneSolution\",\"description\":\"SAP-Partnernetzwerk f\u00fcr das Filialmanagement 3.0\",\"publisher\":{\"@id\":\"https:\\\/\\\/retailonesolution.com\\\/#organization\"},\"potentialAction\":[{\"@type\":\"SearchAction\",\"target\":{\"@type\":\"EntryPoint\",\"urlTemplate\":\"https:\\\/\\\/retailonesolution.com\\\/?s={search_term_string}\"},\"query-input\":{\"@type\":\"PropertyValueSpecification\",\"valueRequired\":true,\"valueName\":\"search_term_string\"}}],\"inLanguage\":\"en-US\"},{\"@type\":\"Organization\",\"@id\":\"https:\\\/\\\/retailonesolution.com\\\/#organization\",\"name\":\"RetailOneSolution\",\"url\":\"https:\\\/\\\/retailonesolution.com\\\/\",\"logo\":{\"@type\":\"ImageObject\",\"inLanguage\":\"en-US\",\"@id\":\"https:\\\/\\\/retailonesolution.com\\\/#\\\/schema\\\/logo\\\/image\\\/\",\"url\":\"https:\\\/\\\/retailonesolution.com\\\/wp-content\\\/uploads\\\/2022\\\/12\\\/retailonesolution-logo.png\",\"contentUrl\":\"https:\\\/\\\/retailonesolution.com\\\/wp-content\\\/uploads\\\/2022\\\/12\\\/retailonesolution-logo.png\",\"width\":250,\"height\":83,\"caption\":\"RetailOneSolution\"},\"image\":{\"@id\":\"https:\\\/\\\/retailonesolution.com\\\/#\\\/schema\\\/logo\\\/image\\\/\"}}]}<\/script>\n<!-- \/ Yoast SEO plugin. -->","yoast_head_json":{"title":"All In One Solution - RetailOneSolution","description":"United at a common technical level, we seamlessly link all digital and stationary omnichannel channels in one platform.","robots":{"index":"index","follow":"follow","max-snippet":"max-snippet:-1","max-image-preview":"max-image-preview:large","max-video-preview":"max-video-preview:-1"},"canonical":"https:\/\/retailonesolution.com\/en\/all-in-one\/","og_locale":"en_US","og_type":"article","og_title":"All In One Solution - RetailOneSolution","og_description":"Vereint auf einem gemeinsamen technischen Level verkn\u00fcpfen wir alle digitalen und station\u00e4ren Omnichannel-Kan\u00e4le nahtlos in einer Plattfor...","og_url":"https:\/\/retailonesolution.com\/en\/all-in-one\/","og_site_name":"RetailOneSolution","article_modified_time":"2023-01-02T14:06:56+00:00","og_image":[{"url":"https:\/\/retailonesolution.com\/wp-content\/uploads\/2022\/12\/ALLINONESOLUTIONgrafik.png","type":"","width":"","height":""}],"twitter_card":"summary_large_image","twitter_misc":{"Est. reading time":"2 minutes"},"schema":{"@context":"https:\/\/schema.org","@graph":[{"@type":"WebPage","@id":"https:\/\/retailonesolution.com\/all-in-one\/","url":"https:\/\/retailonesolution.com\/all-in-one\/","name":"All In One Solution - RetailOneSolution","isPartOf":{"@id":"https:\/\/retailonesolution.com\/#website"},"primaryImageOfPage":{"@id":"https:\/\/retailonesolution.com\/all-in-one\/#primaryimage"},"image":{"@id":"https:\/\/retailonesolution.com\/all-in-one\/#primaryimage"},"thumbnailUrl":"https:\/\/retailonesolution.com\/wp-content\/uploads\/2022\/12\/ALLINONESOLUTIONgrafik.png","datePublished":"2022-12-14T10:50:27+00:00","dateModified":"2023-01-02T14:06:56+00:00","description":"United at a common technical level, we seamlessly link all digital and stationary omnichannel channels in one platform.","breadcrumb":{"@id":"https:\/\/retailonesolution.com\/all-in-one\/#breadcrumb"},"inLanguage":"en-US","potentialAction":[{"@type":"ReadAction","target":["https:\/\/retailonesolution.com\/all-in-one\/"]}]},{"@type":"ImageObject","inLanguage":"en-US","@id":"https:\/\/retailonesolution.com\/all-in-one\/#primaryimage","url":"https:\/\/retailonesolution.com\/wp-content\/uploads\/2022\/12\/ALLINONESOLUTIONgrafik.png","contentUrl":"https:\/\/retailonesolution.com\/wp-content\/uploads\/2022\/12\/ALLINONESOLUTIONgrafik.png"},{"@type":"BreadcrumbList","@id":"https:\/\/retailonesolution.com\/all-in-one\/#breadcrumb","itemListElement":[{"@type":"ListItem","position":1,"name":"Startseite","item":"https:\/\/retailonesolution.com\/"},{"@type":"ListItem","position":2,"name":"All In One Solution"}]},{"@type":"WebSite","@id":"https:\/\/retailonesolution.com\/#website","url":"https:\/\/retailonesolution.com\/","name":"RetailOneSolution","description":"SAP partner network for store management 3.0","publisher":{"@id":"https:\/\/retailonesolution.com\/#organization"},"potentialAction":[{"@type":"SearchAction","target":{"@type":"EntryPoint","urlTemplate":"https:\/\/retailonesolution.com\/?s={search_term_string}"},"query-input":{"@type":"PropertyValueSpecification","valueRequired":true,"valueName":"search_term_string"}}],"inLanguage":"en-US"},{"@type":"Organization","@id":"https:\/\/retailonesolution.com\/#organization","name":"RetailOneSolution","url":"https:\/\/retailonesolution.com\/","logo":{"@type":"ImageObject","inLanguage":"en-US","@id":"https:\/\/retailonesolution.com\/#\/schema\/logo\/image\/","url":"https:\/\/retailonesolution.com\/wp-content\/uploads\/2022\/12\/retailonesolution-logo.png","contentUrl":"https:\/\/retailonesolution.com\/wp-content\/uploads\/2022\/12\/retailonesolution-logo.png","width":250,"height":83,"caption":"RetailOneSolution"},"image":{"@id":"https:\/\/retailonesolution.com\/#\/schema\/logo\/image\/"}}]}},"jetpack_sharing_enabled":true,"_links":{"self":[{"href":"https:\/\/retailonesolution.com\/en\/wp-json\/wp\/v2\/pages\/65","targetHints":{"allow":["GET"]}}],"collection":[{"href":"https:\/\/retailonesolution.com\/en\/wp-json\/wp\/v2\/pages"}],"about":[{"href":"https:\/\/retailonesolution.com\/en\/wp-json\/wp\/v2\/types\/page"}],"author":[{"embeddable":true,"href":"https:\/\/retailonesolution.com\/en\/wp-json\/wp\/v2\/users\/1"}],"replies":[{"embeddable":true,"href":"https:\/\/retailonesolution.com\/en\/wp-json\/wp\/v2\/comments?post=65"}],"version-history":[{"count":20,"href":"https:\/\/retailonesolution.com\/en\/wp-json\/wp\/v2\/pages\/65\/revisions"}],"predecessor-version":[{"id":405,"href":"https:\/\/retailonesolution.com\/en\/wp-json\/wp\/v2\/pages\/65\/revisions\/405"}],"wp:attachment":[{"href":"https:\/\/retailonesolution.com\/en\/wp-json\/wp\/v2\/media?parent=65"}],"curies":[{"name":"wp","href":"https:\/\/api.w.org\/{rel}","templated":true}]}}